{"id":10487,"date":"2024-08-26T16:38:25","date_gmt":"2024-08-26T16:38:25","guid":{"rendered":"https:\/\/montedaaferrada.pt\/?post_type=product&#038;p=10487"},"modified":"2025-12-15T19:06:50","modified_gmt":"2025-12-15T19:06:50","slug":"bastardo-premium-edition-vinho-tinto","status":"publish","type":"product","link":"https:\/\/montedaaferrada.pt\/en\/produtos\/bastard-premium-edition-wine-red\/","title":{"rendered":"Bastard\u00f4! Premium Edition red wine"},"content":{"rendered":"<p>Selected from the best 100% Vinhas Velhas grapes, with an average age of around 70 years, and aged for 16 months in French oak barrels, this elegant wine is also aged in the bottle at controlled temperatures for 14 months.<\/p>\n<p><strong>Region:<\/strong>\u00a0Tejo Regional Wine<br \/>\n<strong>Grape varieties:<\/strong>\u00a0Old Vines<\/p>","protected":false},"excerpt":{"rendered":"<p><strong>Region<\/strong>: Tejo Regional Wine<br \/>\n<strong>Grape varieties<\/strong>: Old Vines<br \/>\n<strong>Volume<\/strong>:\u00a015%<br \/>\n<strong>Internships<\/strong>16 months in French oak barrels<br \/>\n<strong>Technical notes<\/strong>: With a teardrop and intense red colour, this wine shows great elegance on the nose, the result of the marriage between ripe fruit and excellent wood.<br \/>\nThe palate reveals a deep and smooth attack, with an unctuous and harmonious presence.<br \/>\n<strong>Temperature<\/strong>: 16 \u00baC<br \/>\n<strong>Capacity<\/strong>: 75 cl<\/p>","protected":false},"featured_media":10489,"template":"","meta":{"_acf_changed":false},"product_brand":[],"product_cat":[238,242],"product_tag":[],"class_list":{"0":"post-10487","1":"product","2":"type-product","3":"status-publish","4":"has-post-thumbnail","6":"product_cat-vinho","7":"product_cat-vinho-tinto","9":"first","10":"outofstock","11":"taxable","12":"shipping-taxable","13":"purchasable","14":"product-type-simple"},"acf":[],"yoast_head":"<!-- This site is optimized with the Yoast SEO Premium plugin v21.9 (Yoast SEO v23.3) - https:\/\/yoast.com\/wordpress\/plugins\/seo\/ -->\n<title>Bastard\u00f4! Premium Edition vinho tinto - Monte da Aferrada<\/title>\n<meta name=\"description\" content=\"Com uma sele\u00e7\u00e3o das melhores uvas 100% Vinhas Velhas, estagiou 16 meses em barricas de carvalho franc\u00eas, envelhecimento em garrafa durante 14 meses.\" \/>\n<meta name=\"robots\" content=\"index, follow, max-snippet:-1, max-image-preview:large, max-video-preview:-1\" \/>\n<link rel=\"canonical\" href=\"https:\/\/montedaaferrada.pt\/en\/produtos\/bastard-premium-edition-wine-red\/\" \/>\n<meta property=\"og:locale\" content=\"en_GB\" \/>\n<meta property=\"og:type\" content=\"article\" \/>\n<meta property=\"og:title\" content=\"Bastard\u00f4! Premium Edition vinho tinto\" \/>\n<meta property=\"og:description\" content=\"Com uma sele\u00e7\u00e3o das melhores uvas 100% Vinhas Velhas, estagiou 16 meses em barricas de carvalho franc\u00eas, envelhecimento em garrafa durante 14 meses.\" \/>\n<meta property=\"og:url\" content=\"https:\/\/montedaaferrada.pt\/en\/produtos\/bastard-premium-edition-wine-red\/\" \/>\n<meta property=\"og:site_name\" content=\"Monte da Aferrada\" \/>\n<meta property=\"article:publisher\" content=\"https:\/\/www.facebook.com\/MonteDaAferrada\" \/>\n<meta property=\"article:modified_time\" content=\"2025-12-15T19:06:50+00:00\" \/>\n<meta property=\"og:image\" content=\"https:\/\/montedaaferrada.pt\/wp-content\/uploads\/2024\/08\/bastardo-vinho-tinto-premium-edition-reserva-wine-with-spirit.pg_.jpg\" \/>\n\t<meta property=\"og:image:width\" content=\"900\" \/>\n\t<meta property=\"og:image:height\" content=\"900\" \/>\n\t<meta property=\"og:image:type\" content=\"image\/jpeg\" \/>\n<meta name=\"twitter:card\" content=\"summary_large_image\" \/>\n<meta name=\"twitter:label1\" content=\"Estimated reading time\" \/>\n\t<meta name=\"twitter:data1\" content=\"1 minute\" \/>\n<script type=\"application\/ld+json\" class=\"yoast-schema-graph\">{\"@context\":\"https:\/\/schema.org\",\"@graph\":[{\"@type\":\"WebPage\",\"@id\":\"https:\/\/montedaaferrada.pt\/produtos\/bastardo-premium-edition-vinho-tinto\/\",\"url\":\"https:\/\/montedaaferrada.pt\/produtos\/bastardo-premium-edition-vinho-tinto\/\",\"name\":\"Bastard\u00f4! Premium Edition vinho tinto - Monte da Aferrada\",\"isPartOf\":{\"@id\":\"https:\/\/montedaaferrada.pt\/#website\"},\"primaryImageOfPage\":{\"@id\":\"https:\/\/montedaaferrada.pt\/produtos\/bastardo-premium-edition-vinho-tinto\/#primaryimage\"},\"image\":{\"@id\":\"https:\/\/montedaaferrada.pt\/produtos\/bastardo-premium-edition-vinho-tinto\/#primaryimage\"},\"thumbnailUrl\":\"https:\/\/montedaaferrada.pt\/wp-content\/uploads\/2024\/08\/bastardo-vinho-tinto-premium-edition-reserva-wine-with-spirit.pg_.jpg\",\"datePublished\":\"2024-08-26T16:38:25+00:00\",\"dateModified\":\"2025-12-15T19:06:50+00:00\",\"description\":\"Com uma sele\u00e7\u00e3o das melhores uvas 100% Vinhas Velhas, estagiou 16 meses em barricas de carvalho franc\u00eas, envelhecimento em garrafa durante 14 meses.\",\"breadcrumb\":{\"@id\":\"https:\/\/montedaaferrada.pt\/produtos\/bastardo-premium-edition-vinho-tinto\/#breadcrumb\"},\"inLanguage\":\"en-GB\",\"potentialAction\":[{\"@type\":\"ReadAction\",\"target\":[\"https:\/\/montedaaferrada.pt\/produtos\/bastardo-premium-edition-vinho-tinto\/\"]}]},{\"@type\":\"ImageObject\",\"inLanguage\":\"en-GB\",\"@id\":\"https:\/\/montedaaferrada.pt\/produtos\/bastardo-premium-edition-vinho-tinto\/#primaryimage\",\"url\":\"https:\/\/montedaaferrada.pt\/wp-content\/uploads\/2024\/08\/bastardo-vinho-tinto-premium-edition-reserva-wine-with-spirit.pg_.jpg\",\"contentUrl\":\"https:\/\/montedaaferrada.pt\/wp-content\/uploads\/2024\/08\/bastardo-vinho-tinto-premium-edition-reserva-wine-with-spirit.pg_.jpg\",\"width\":900,\"height\":900,\"caption\":\"Bastardo premium edition vinho tinto vinhas velhas reserva\"},{\"@type\":\"BreadcrumbList\",\"@id\":\"https:\/\/montedaaferrada.pt\/produtos\/bastardo-premium-edition-vinho-tinto\/#breadcrumb\",\"itemListElement\":[{\"@type\":\"ListItem\",\"position\":1,\"name\":\"Home\",\"item\":\"https:\/\/montedaaferrada.pt\/\"},{\"@type\":\"ListItem\",\"position\":2,\"name\":\"Loja &#8211; Produtos\",\"item\":\"https:\/\/montedaaferrada.pt\/loja-produtos\/\"},{\"@type\":\"ListItem\",\"position\":3,\"name\":\"Bastard\u00f4! Premium Edition vinho tinto\"}]},{\"@type\":\"WebSite\",\"@id\":\"https:\/\/montedaaferrada.pt\/#website\",\"url\":\"https:\/\/montedaaferrada.pt\/\",\"name\":\"Monte Da Aferrada\",\"description\":\"Por amor \u00e0 fam\u00edlia, ao Alentejo e ao campo\",\"publisher\":{\"@id\":\"https:\/\/montedaaferrada.pt\/#organization\"},\"potentialAction\":[{\"@type\":\"SearchAction\",\"target\":{\"@type\":\"EntryPoint\",\"urlTemplate\":\"https:\/\/montedaaferrada.pt\/?s={search_term_string}\"},\"query-input\":\"required name=search_term_string\"}],\"inLanguage\":\"en-GB\"},{\"@type\":\"Organization\",\"@id\":\"https:\/\/montedaaferrada.pt\/#organization\",\"name\":\"Monte Da Aferrada\",\"url\":\"https:\/\/montedaaferrada.pt\/\",\"logo\":{\"@type\":\"ImageObject\",\"inLanguage\":\"en-GB\",\"@id\":\"https:\/\/montedaaferrada.pt\/#\/schema\/logo\/image\/\",\"url\":\"https:\/\/montedaaferrada.pt\/wp-content\/uploads\/2023\/06\/cottageee.jpg\",\"contentUrl\":\"https:\/\/montedaaferrada.pt\/wp-content\/uploads\/2023\/06\/cottageee.jpg\",\"width\":636,\"height\":357,\"caption\":\"Monte Da Aferrada\"},\"image\":{\"@id\":\"https:\/\/montedaaferrada.pt\/#\/schema\/logo\/image\/\"},\"sameAs\":[\"https:\/\/www.facebook.com\/MonteDaAferrada\"]}]}<\/script>\n<!-- \/ Yoast SEO Premium plugin. -->","yoast_head_json":{"title":"Bastard\u00f4! Premium Edition vinho tinto - Monte da Aferrada","description":"Com uma sele\u00e7\u00e3o das melhores uvas 100% Vinhas Velhas, estagiou 16 meses em barricas de carvalho franc\u00eas, envelhecimento em garrafa durante 14 meses.","robots":{"index":"index","follow":"follow","max-snippet":"max-snippet:-1","max-image-preview":"max-image-preview:large","max-video-preview":"max-video-preview:-1"},"canonical":"https:\/\/montedaaferrada.pt\/en\/produtos\/bastard-premium-edition-wine-red\/","og_locale":"en_GB","og_type":"article","og_title":"Bastard\u00f4! Premium Edition vinho tinto","og_description":"Com uma sele\u00e7\u00e3o das melhores uvas 100% Vinhas Velhas, estagiou 16 meses em barricas de carvalho franc\u00eas, envelhecimento em garrafa durante 14 meses.","og_url":"https:\/\/montedaaferrada.pt\/en\/produtos\/bastard-premium-edition-wine-red\/","og_site_name":"Monte da Aferrada","article_publisher":"https:\/\/www.facebook.com\/MonteDaAferrada","article_modified_time":"2025-12-15T19:06:50+00:00","og_image":[{"width":900,"height":900,"url":"https:\/\/montedaaferrada.pt\/wp-content\/uploads\/2024\/08\/bastardo-vinho-tinto-premium-edition-reserva-wine-with-spirit.pg_.jpg","type":"image\/jpeg"}],"twitter_card":"summary_large_image","twitter_misc":{"Estimated reading time":"1 minute"},"schema":{"@context":"https:\/\/schema.org","@graph":[{"@type":"WebPage","@id":"https:\/\/montedaaferrada.pt\/produtos\/bastardo-premium-edition-vinho-tinto\/","url":"https:\/\/montedaaferrada.pt\/produtos\/bastardo-premium-edition-vinho-tinto\/","name":"Bastard\u00f4! Premium Edition vinho tinto - Monte da Aferrada","isPartOf":{"@id":"https:\/\/montedaaferrada.pt\/#website"},"primaryImageOfPage":{"@id":"https:\/\/montedaaferrada.pt\/produtos\/bastardo-premium-edition-vinho-tinto\/#primaryimage"},"image":{"@id":"https:\/\/montedaaferrada.pt\/produtos\/bastardo-premium-edition-vinho-tinto\/#primaryimage"},"thumbnailUrl":"https:\/\/montedaaferrada.pt\/wp-content\/uploads\/2024\/08\/bastardo-vinho-tinto-premium-edition-reserva-wine-with-spirit.pg_.jpg","datePublished":"2024-08-26T16:38:25+00:00","dateModified":"2025-12-15T19:06:50+00:00","description":"Com uma sele\u00e7\u00e3o das melhores uvas 100% Vinhas Velhas, estagiou 16 meses em barricas de carvalho franc\u00eas, envelhecimento em garrafa durante 14 meses.","breadcrumb":{"@id":"https:\/\/montedaaferrada.pt\/produtos\/bastardo-premium-edition-vinho-tinto\/#breadcrumb"},"inLanguage":"en-GB","potentialAction":[{"@type":"ReadAction","target":["https:\/\/montedaaferrada.pt\/produtos\/bastardo-premium-edition-vinho-tinto\/"]}]},{"@type":"ImageObject","inLanguage":"en-GB","@id":"https:\/\/montedaaferrada.pt\/produtos\/bastardo-premium-edition-vinho-tinto\/#primaryimage","url":"https:\/\/montedaaferrada.pt\/wp-content\/uploads\/2024\/08\/bastardo-vinho-tinto-premium-edition-reserva-wine-with-spirit.pg_.jpg","contentUrl":"https:\/\/montedaaferrada.pt\/wp-content\/uploads\/2024\/08\/bastardo-vinho-tinto-premium-edition-reserva-wine-with-spirit.pg_.jpg","width":900,"height":900,"caption":"Bastardo premium edition vinho tinto vinhas velhas reserva"},{"@type":"BreadcrumbList","@id":"https:\/\/montedaaferrada.pt\/produtos\/bastardo-premium-edition-vinho-tinto\/#breadcrumb","itemListElement":[{"@type":"ListItem","position":1,"name":"Home","item":"https:\/\/montedaaferrada.pt\/"},{"@type":"ListItem","position":2,"name":"Loja &#8211; Produtos","item":"https:\/\/montedaaferrada.pt\/loja-produtos\/"},{"@type":"ListItem","position":3,"name":"Bastard\u00f4! Premium Edition vinho tinto"}]},{"@type":"WebSite","@id":"https:\/\/montedaaferrada.pt\/#website","url":"https:\/\/montedaaferrada.pt\/","name":"Monte Da Aferrada","description":"Por amor \u00e0 fam\u00edlia, ao Alentejo e ao campo","publisher":{"@id":"https:\/\/montedaaferrada.pt\/#organization"},"potentialAction":[{"@type":"SearchAction","target":{"@type":"EntryPoint","urlTemplate":"https:\/\/montedaaferrada.pt\/?s={search_term_string}"},"query-input":"required name=search_term_string"}],"inLanguage":"en-GB"},{"@type":"Organization","@id":"https:\/\/montedaaferrada.pt\/#organization","name":"Monte Da Aferrada","url":"https:\/\/montedaaferrada.pt\/","logo":{"@type":"ImageObject","inLanguage":"en-GB","@id":"https:\/\/montedaaferrada.pt\/#\/schema\/logo\/image\/","url":"https:\/\/montedaaferrada.pt\/wp-content\/uploads\/2023\/06\/cottageee.jpg","contentUrl":"https:\/\/montedaaferrada.pt\/wp-content\/uploads\/2023\/06\/cottageee.jpg","width":636,"height":357,"caption":"Monte Da Aferrada"},"image":{"@id":"https:\/\/montedaaferrada.pt\/#\/schema\/logo\/image\/"},"sameAs":["https:\/\/www.facebook.com\/MonteDaAferrada"]}]}},"_links":{"self":[{"href":"https:\/\/montedaaferrada.pt\/en\/wp-json\/wp\/v2\/product\/10487","targetHints":{"allow":["GET"]}}],"collection":[{"href":"https:\/\/montedaaferrada.pt\/en\/wp-json\/wp\/v2\/product"}],"about":[{"href":"https:\/\/montedaaferrada.pt\/en\/wp-json\/wp\/v2\/types\/product"}],"wp:featuredmedia":[{"embeddable":true,"href":"https:\/\/montedaaferrada.pt\/en\/wp-json\/wp\/v2\/media\/10489"}],"wp:attachment":[{"href":"https:\/\/montedaaferrada.pt\/en\/wp-json\/wp\/v2\/media?parent=10487"}],"wp:term":[{"taxonomy":"product_brand","embeddable":true,"href":"https:\/\/montedaaferrada.pt\/en\/wp-json\/wp\/v2\/product_brand?post=10487"},{"taxonomy":"product_cat","embeddable":true,"href":"https:\/\/montedaaferrada.pt\/en\/wp-json\/wp\/v2\/product_cat?post=10487"},{"taxonomy":"product_tag","embeddable":true,"href":"https:\/\/montedaaferrada.pt\/en\/wp-json\/wp\/v2\/product_tag?post=10487"}],"curies":[{"name":"wp","href":"https:\/\/api.w.org\/{rel}","templated":true}]}}