{"id":9992,"date":"2024-08-01T10:24:11","date_gmt":"2024-08-01T10:24:11","guid":{"rendered":"https:\/\/montedaaferrada.slz.pt\/?page_id=9992"},"modified":"2024-08-01T11:19:20","modified_gmt":"2024-08-01T11:19:20","slug":"politica-de-entregas","status":"publish","type":"page","link":"https:\/\/montedaaferrada.pt\/en\/delivery-policy\/","title":{"rendered":"Delivery Policy"},"content":{"rendered":"<div data-elementor-type=\"wp-page\" data-elementor-id=\"9992\" class=\"elementor elementor-9992\" data-elementor-post-type=\"page\">\n\t\t\t\t\t\t<section data-dce-background-color=\"#000000\" data-dce-background-overlay-color=\"#000000\" data-dce-background-image-url=\"https:\/\/montedaaferrada.slz.pt\/wp-content\/uploads\/2024\/05\/2.jpg\" class=\"elementor-section elementor-top-section elementor-element elementor-element-c3ca6f3 elementor-section-height-min-height elementor-section-boxed elementor-section-height-default elementor-section-items-middle\" data-id=\"c3ca6f3\" data-element_type=\"section\" data-settings=\"{&quot;background_background&quot;:&quot;classic&quot;,&quot;_ha_eqh_enable&quot;:false}\">\n\t\t\t\t\t\t\t<div class=\"elementor-background-overlay\"><\/div>\n\t\t\t\t\t\t\t<div class=\"elementor-container elementor-column-gap-default\">\n\t\t\t\t\t<div data-dce-background-color=\"#6F7F7200\" data-dce-background-overlay-color=\"#000000\" class=\"elementor-column elementor-col-100 elementor-top-column elementor-element elementor-element-bd59fe2\" data-id=\"bd59fe2\" data-element_type=\"column\" data-settings=\"{&quot;background_background&quot;:&quot;gradient&quot;}\">\n\t\t\t<div class=\"elementor-widget-wrap elementor-element-populated\">\n\t\t\t\t\t<div class=\"elementor-background-overlay\"><\/div>\n\t\t\t\t\t\t<div class=\"elementor-element elementor-element-d1e9bf5 elementor-widget elementor-widget-spacer\" data-id=\"d1e9bf5\" data-element_type=\"widget\" data-widget_type=\"spacer.default\">\n\t\t\t\t<div class=\"elementor-widget-container\">\n\t\t\t<style>\/*! elementor - v3.23.0 - 25-07-2024 *\/\n.elementor-column .elementor-spacer-inner{height:var(--spacer-size)}.e-con{--container-widget-width:100%}.e-con-inner>.elementor-widget-spacer,.e-con>.elementor-widget-spacer{width:var(--container-widget-width,var(--spacer-size));--align-self:var(--container-widget-align-self,initial);--flex-shrink:0}.e-con-inner>.elementor-widget-spacer>.elementor-widget-container,.e-con>.elementor-widget-spacer>.elementor-widget-container{height:100%;width:100%}.e-con-inner>.elementor-widget-spacer>.elementor-widget-container>.elementor-spacer,.e-con>.elementor-widget-spacer>.elementor-widget-container>.elementor-spacer{height:100%}.e-con-inner>.elementor-widget-spacer>.elementor-widget-container>.elementor-spacer>.elementor-spacer-inner,.e-con>.elementor-widget-spacer>.elementor-widget-container>.elementor-spacer>.elementor-spacer-inner{height:var(--container-widget-height,var(--spacer-size))}.e-con-inner>.elementor-widget-spacer.elementor-widget-empty,.e-con>.elementor-widget-spacer.elementor-widget-empty{position:relative;min-height:22px;min-width:22px}.e-con-inner>.elementor-widget-spacer.elementor-widget-empty .elementor-widget-empty-icon,.e-con>.elementor-widget-spacer.elementor-widget-empty .elementor-widget-empty-icon{position:absolute;top:0;bottom:0;left:0;right:0;margin:auto;padding:0;width:22px;height:22px}<\/style>\t\t<div class=\"elementor-spacer\">\n\t\t\t<div class=\"elementor-spacer-inner\"><\/div>\n\t\t<\/div>\n\t\t\t\t<\/div>\n\t\t\t\t<\/div>\n\t\t\t\t<div class=\"elementor-element elementor-element-9f0a19e elementor-widget-widescreen__width-initial elementor-widget elementor-widget-heading\" data-id=\"9f0a19e\" data-element_type=\"widget\" data-widget_type=\"heading.default\">\n\t\t\t\t<div class=\"elementor-widget-container\">\n\t\t\t<h2 class=\"elementor-heading-title elementor-size-default\">Delivery Policy\n<\/h2>\t\t<\/div>\n\t\t\t\t<\/div>\n\t\t\t\t\t<\/div>\n\t\t<\/div>\n\t\t\t\t\t<\/div>\n\t\t<\/section>\n\t\t\t\t<section class=\"elementor-section elementor-top-section elementor-element elementor-element-4366a99 elementor-section-boxed elementor-section-height-default elementor-section-height-default\" data-id=\"4366a99\" data-element_type=\"section\" data-settings=\"{&quot;_ha_eqh_enable&quot;:false}\">\n\t\t\t\t\t\t<div class=\"elementor-container elementor-column-gap-default\">\n\t\t\t\t\t<div class=\"elementor-column elementor-col-100 elementor-top-column elementor-element elementor-element-3db6cc3\" data-id=\"3db6cc3\" data-element_type=\"column\">\n\t\t\t<div class=\"elementor-widget-wrap elementor-element-populated\">\n\t\t\t\t\t\t<div class=\"elementor-element elementor-element-d2dc30d elementor-widget elementor-widget-text-editor\" data-id=\"d2dc30d\" data-element_type=\"widget\" data-widget_type=\"text-editor.default\">\n\t\t\t\t<div class=\"elementor-widget-container\">\n\t\t\t<style>\/*! elementor - v3.23.0 - 25-07-2024 *\/\n.elementor-widget-text-editor.elementor-drop-cap-view-stacked .elementor-drop-cap{background-color:#69727d;color:#fff}.elementor-widget-text-editor.elementor-drop-cap-view-framed .elementor-drop-cap{color:#69727d;border:3px solid;background-color:transparent}.elementor-widget-text-editor:not(.elementor-drop-cap-view-default) .elementor-drop-cap{margin-top:8px}.elementor-widget-text-editor:not(.elementor-drop-cap-view-default) .elementor-drop-cap-letter{width:1em;height:1em}.elementor-widget-text-editor .elementor-drop-cap{float:left;text-align:center;line-height:1;font-size:50px}.elementor-widget-text-editor .elementor-drop-cap-letter{display:inline-block}<\/style>\t\t\t\t<p><strong>What is the delivery cost?<\/strong><\/p><p><strong>Mainland Portugal:<\/strong><\/p><ul><li><strong>Free delivery:<\/strong>\u00a0For orders over \u20ac100, delivery within 3 to 5 working days.<\/li><li><strong>Orders under 100\u20ac:<\/strong><ul><li><strong>Normal delivery (3 to 5 working days):<\/strong>\u00a0<i>8<\/i>,99\u20ac<\/li><\/ul><\/li><\/ul><p><strong>Portuguese Islands:<\/strong><\/p><ul><li><strong>Standard:<\/strong>\u00a03<u>9<\/u>\u20ac per 12 bottles<\/li><li><strong>Delivery time:<\/strong>\u00a05-10 working days after dispatch.<\/li><li><strong>Request Experience\u00a0Note:<\/strong>\u00a0Subject to confirmation, depending on where the products are delivered.<\/li><\/ul><p><strong>European Union:<\/strong><\/p><p><strong>Standard:<\/strong><\/p><ul><li><strong>Delivery time:<\/strong>\u00a03-8 working days after dispatch.<ul><li><strong>Europe Zone 1:<\/strong>\u00a035\u20ac per 12 bottles<ul><li><strong>Countries included:<\/strong>\u00a0Austria, Belgium, France, Germany, the Netherlands, Luxembourg, Spain.<\/li><\/ul><\/li><li><strong>Europe Zone 2:<\/strong>\u00a045\u20ac per 12 bottles<ul><li><strong>Countries included:<\/strong>\u00a0Denmark, Hungary, Italy, Poland, United Kingdom, Czech Republic.<\/li><\/ul><\/li><li><strong>Europe Zone 3:<\/strong>\u00a075\u20ac per 12 bottles<ul><li><strong>Countries included:<\/strong>\u00a0Bulgaria, Croatia, Estonia, Finland, Greece, Latvia, Lithuania, Romania, Serbia, Slovakia, Slovenia, Sweden.<\/li><\/ul><\/li><li><strong>Request Experience\u00a0Note:<\/strong>\u00a0All deadlines are subject to confirmation, depending on where the products are delivered.<\/li><\/ul><\/li><\/ul><p><strong>Cyprus, Malta, the Canary Islands and the Balearic Islands:<\/strong><\/p><ul><li>Deliveries subject to personalised quotation. For more information, please contact\u00a0<a rel=\"noreferrer\">info@montedaaferrada.pt<\/a>\u00a0<\/li><\/ul><p><strong>How long does it take to deliver?<\/strong><\/p><p>The delivery time depends on the method you choose when finalising your purchase. Below you will find a detailed explanation of the conditions of each method, always taking into account orders placed on working days up to 15.00. If you have any questions, please do not hesitate to contact us at\u00a0<a rel=\"noreferrer\">info@montedaaferrada.pt<\/a>\u00a0<\/p><p><strong>Mainland Portugal:<\/strong><\/p><ul><li><strong>Normal delivery:<\/strong>\u00a0You will receive your wines between 3 and 5 working days after receiving your order. The delivery time will depend on the carrier.<ul><li>When your parcel is dispatched, you will receive a tracking number in your inbox with the most up-to-date information about the delivery.<\/li><\/ul><\/li><\/ul><p><strong>Portuguese Islands:<\/strong><\/p><ul><li><strong>Standard:<\/strong>\u00a0Delivery in 5-10 working days after dispatch. Subject to confirmation in the Portuguese Islands, delivery time may be up to 10 working days.<\/li><\/ul><p><strong>European Union:<\/strong><\/p><ul><li><strong>Standard:<\/strong>\u00a0Delivery in 3-10 working days after dispatch, in the main European cities.<\/li><\/ul><p><strong>How do I know my parcel will be delivered?<\/strong><\/p><p>With any delivery method, we will send you an email informing you that your order has been dispatched, containing the tracking number, which you can use to follow the status of the shipment on our carriers' website.<\/p><p><strong>International:<\/strong><\/p><ul><li>You will receive an email informing you of the dispatch of your order, as well as the tracking number, which you can use to follow the status of the shipment on our carriers' website.<\/li><li>All orders will only be dispatched after confirmation of collection.<\/li><\/ul><p><strong>What happens if nobody receives the parcel?<\/strong><\/p><ul><li>Our couriers will contact you or the recipient of the delivery to arrange a new delivery attempt.<\/li><\/ul>\t\t\t\t\t\t<\/div>\n\t\t\t\t<\/div>\n\t\t\t\t\t<\/div>\n\t\t<\/div>\n\t\t\t\t\t<\/div>\n\t\t<\/section>\n\t\t\t\t<\/div>","protected":false},"excerpt":{"rendered":"<p>Delivery Policy What is the delivery cost? Mainland Portugal: Free delivery: For orders over \u20ac100, delivered within 3 to 5 working days. Orders under...<\/p>","protected":false},"author":1,"featured_media":0,"parent":0,"menu_order":0,"comment_status":"closed","ping_status":"closed","template":"elementor_header_footer","meta":{"_acf_changed":false,"footnotes":""},"class_list":["post-9992","page","type-page","status-publish","hentry"],"acf":[],"yoast_head":"<!-- This site is optimized with the Yoast SEO Premium plugin v21.9 (Yoast SEO v23.3) - https:\/\/yoast.com\/wordpress\/plugins\/seo\/ -->\n<title>Pol\u00edtica de Entregas - Monte da Aferrada<\/title>\n<meta name=\"robots\" content=\"index, follow, max-snippet:-1, max-image-preview:large, max-video-preview:-1\" \/>\n<link rel=\"canonical\" href=\"https:\/\/montedaaferrada.pt\/en\/delivery-policy\/\" \/>\n<meta property=\"og:locale\" content=\"en_GB\" \/>\n<meta property=\"og:type\" content=\"article\" \/>\n<meta property=\"og:title\" content=\"Pol\u00edtica de Entregas\" \/>\n<meta property=\"og:description\" content=\"Pol\u00edtica de Entregas Qual o custo de entrega? Portugal Continental: Entrega gr\u00e1tis:\u00a0Em encomendas de valor superior a 100\u20ac, com entrega no prazo de 3 a 5 dias \u00fateis. Encomendas inferiores...\" \/>\n<meta property=\"og:url\" content=\"https:\/\/montedaaferrada.pt\/en\/delivery-policy\/\" \/>\n<meta property=\"og:site_name\" content=\"Monte da Aferrada\" \/>\n<meta property=\"article:publisher\" content=\"https:\/\/www.facebook.com\/MonteDaAferrada\" \/>\n<meta property=\"article:modified_time\" content=\"2024-08-01T11:19:20+00:00\" \/>\n<meta name=\"twitter:card\" content=\"summary_large_image\" \/>\n<meta name=\"twitter:label1\" content=\"Estimated reading time\" \/>\n\t<meta name=\"twitter:data1\" content=\"2 minutes\" \/>\n<script type=\"application\/ld+json\" class=\"yoast-schema-graph\">{\"@context\":\"https:\/\/schema.org\",\"@graph\":[{\"@type\":\"WebPage\",\"@id\":\"https:\/\/montedaaferrada.pt\/politica-de-entregas\/\",\"url\":\"https:\/\/montedaaferrada.pt\/politica-de-entregas\/\",\"name\":\"Pol\u00edtica de Entregas - Monte da Aferrada\",\"isPartOf\":{\"@id\":\"https:\/\/montedaaferrada.pt\/#website\"},\"datePublished\":\"2024-08-01T10:24:11+00:00\",\"dateModified\":\"2024-08-01T11:19:20+00:00\",\"breadcrumb\":{\"@id\":\"https:\/\/montedaaferrada.pt\/politica-de-entregas\/#breadcrumb\"},\"inLanguage\":\"en-GB\",\"potentialAction\":[{\"@type\":\"ReadAction\",\"target\":[\"https:\/\/montedaaferrada.pt\/politica-de-entregas\/\"]}]},{\"@type\":\"BreadcrumbList\",\"@id\":\"https:\/\/montedaaferrada.pt\/politica-de-entregas\/#breadcrumb\",\"itemListElement\":[{\"@type\":\"ListItem\",\"position\":1,\"name\":\"Home\",\"item\":\"https:\/\/montedaaferrada.pt\/\"},{\"@type\":\"ListItem\",\"position\":2,\"name\":\"Pol\u00edtica de Entregas\"}]},{\"@type\":\"WebSite\",\"@id\":\"https:\/\/montedaaferrada.pt\/#website\",\"url\":\"https:\/\/montedaaferrada.pt\/\",\"name\":\"Monte Da Aferrada\",\"description\":\"Por amor \u00e0 fam\u00edlia, ao Alentejo e ao campo\",\"publisher\":{\"@id\":\"https:\/\/montedaaferrada.pt\/#organization\"},\"potentialAction\":[{\"@type\":\"SearchAction\",\"target\":{\"@type\":\"EntryPoint\",\"urlTemplate\":\"https:\/\/montedaaferrada.pt\/?s={search_term_string}\"},\"query-input\":\"required name=search_term_string\"}],\"inLanguage\":\"en-GB\"},{\"@type\":\"Organization\",\"@id\":\"https:\/\/montedaaferrada.pt\/#organization\",\"name\":\"Monte Da Aferrada\",\"url\":\"https:\/\/montedaaferrada.pt\/\",\"logo\":{\"@type\":\"ImageObject\",\"inLanguage\":\"en-GB\",\"@id\":\"https:\/\/montedaaferrada.pt\/#\/schema\/logo\/image\/\",\"url\":\"https:\/\/montedaaferrada.pt\/wp-content\/uploads\/2023\/06\/cottageee.jpg\",\"contentUrl\":\"https:\/\/montedaaferrada.pt\/wp-content\/uploads\/2023\/06\/cottageee.jpg\",\"width\":636,\"height\":357,\"caption\":\"Monte Da Aferrada\"},\"image\":{\"@id\":\"https:\/\/montedaaferrada.pt\/#\/schema\/logo\/image\/\"},\"sameAs\":[\"https:\/\/www.facebook.com\/MonteDaAferrada\"]}]}<\/script>\n<!-- \/ Yoast SEO Premium plugin. -->","yoast_head_json":{"title":"Pol\u00edtica de Entregas - Monte da Aferrada","robots":{"index":"index","follow":"follow","max-snippet":"max-snippet:-1","max-image-preview":"max-image-preview:large","max-video-preview":"max-video-preview:-1"},"canonical":"https:\/\/montedaaferrada.pt\/en\/delivery-policy\/","og_locale":"en_GB","og_type":"article","og_title":"Pol\u00edtica de Entregas","og_description":"Pol\u00edtica de Entregas Qual o custo de entrega? Portugal Continental: Entrega gr\u00e1tis:\u00a0Em encomendas de valor superior a 100\u20ac, com entrega no prazo de 3 a 5 dias \u00fateis. Encomendas inferiores...","og_url":"https:\/\/montedaaferrada.pt\/en\/delivery-policy\/","og_site_name":"Monte da Aferrada","article_publisher":"https:\/\/www.facebook.com\/MonteDaAferrada","article_modified_time":"2024-08-01T11:19:20+00:00","twitter_card":"summary_large_image","twitter_misc":{"Estimated reading time":"2 minutes"},"schema":{"@context":"https:\/\/schema.org","@graph":[{"@type":"WebPage","@id":"https:\/\/montedaaferrada.pt\/politica-de-entregas\/","url":"https:\/\/montedaaferrada.pt\/politica-de-entregas\/","name":"Pol\u00edtica de Entregas - Monte da Aferrada","isPartOf":{"@id":"https:\/\/montedaaferrada.pt\/#website"},"datePublished":"2024-08-01T10:24:11+00:00","dateModified":"2024-08-01T11:19:20+00:00","breadcrumb":{"@id":"https:\/\/montedaaferrada.pt\/politica-de-entregas\/#breadcrumb"},"inLanguage":"en-GB","potentialAction":[{"@type":"ReadAction","target":["https:\/\/montedaaferrada.pt\/politica-de-entregas\/"]}]},{"@type":"BreadcrumbList","@id":"https:\/\/montedaaferrada.pt\/politica-de-entregas\/#breadcrumb","itemListElement":[{"@type":"ListItem","position":1,"name":"Home","item":"https:\/\/montedaaferrada.pt\/"},{"@type":"ListItem","position":2,"name":"Pol\u00edtica de Entregas"}]},{"@type":"WebSite","@id":"https:\/\/montedaaferrada.pt\/#website","url":"https:\/\/montedaaferrada.pt\/","name":"Monte Da Aferrada","description":"Por amor \u00e0 fam\u00edlia, ao Alentejo e ao campo","publisher":{"@id":"https:\/\/montedaaferrada.pt\/#organization"},"potentialAction":[{"@type":"SearchAction","target":{"@type":"EntryPoint","urlTemplate":"https:\/\/montedaaferrada.pt\/?s={search_term_string}"},"query-input":"required name=search_term_string"}],"inLanguage":"en-GB"},{"@type":"Organization","@id":"https:\/\/montedaaferrada.pt\/#organization","name":"Monte Da Aferrada","url":"https:\/\/montedaaferrada.pt\/","logo":{"@type":"ImageObject","inLanguage":"en-GB","@id":"https:\/\/montedaaferrada.pt\/#\/schema\/logo\/image\/","url":"https:\/\/montedaaferrada.pt\/wp-content\/uploads\/2023\/06\/cottageee.jpg","contentUrl":"https:\/\/montedaaferrada.pt\/wp-content\/uploads\/2023\/06\/cottageee.jpg","width":636,"height":357,"caption":"Monte Da Aferrada"},"image":{"@id":"https:\/\/montedaaferrada.pt\/#\/schema\/logo\/image\/"},"sameAs":["https:\/\/www.facebook.com\/MonteDaAferrada"]}]}},"_links":{"self":[{"href":"https:\/\/montedaaferrada.pt\/en\/wp-json\/wp\/v2\/pages\/9992","targetHints":{"allow":["GET"]}}],"collection":[{"href":"https:\/\/montedaaferrada.pt\/en\/wp-json\/wp\/v2\/pages"}],"about":[{"href":"https:\/\/montedaaferrada.pt\/en\/wp-json\/wp\/v2\/types\/page"}],"author":[{"embeddable":true,"href":"https:\/\/montedaaferrada.pt\/en\/wp-json\/wp\/v2\/users\/1"}],"replies":[{"embeddable":true,"href":"https:\/\/montedaaferrada.pt\/en\/wp-json\/wp\/v2\/comments?post=9992"}],"version-history":[{"count":6,"href":"https:\/\/montedaaferrada.pt\/en\/wp-json\/wp\/v2\/pages\/9992\/revisions"}],"predecessor-version":[{"id":10010,"href":"https:\/\/montedaaferrada.pt\/en\/wp-json\/wp\/v2\/pages\/9992\/revisions\/10010"}],"wp:attachment":[{"href":"https:\/\/montedaaferrada.pt\/en\/wp-json\/wp\/v2\/media?parent=9992"}],"curies":[{"name":"wp","href":"https:\/\/api.w.org\/{rel}","templated":true}]}}