{"id":9259,"date":"2024-05-07T10:43:29","date_gmt":"2024-05-07T10:43:29","guid":{"rendered":"https:\/\/montedaaferrada.slz.pt\/?page_id=9259"},"modified":"2025-12-15T19:03:35","modified_gmt":"2025-12-15T19:03:35","slug":"loja-monte-da-aferrada","status":"publish","type":"page","link":"https:\/\/montedaaferrada.pt\/en\/shop-mountain\/","title":{"rendered":"Shop - Monte da Aferrada"},"content":{"rendered":"<style>\/*! elementor - v3.23.0 - 25-07-2024 *\/\n.elementor-column .elementor-spacer-inner{height:var(--spacer-size)}.e-con{--container-widget-width:100%}.e-con-inner>.elementor-widget-spacer,.e-con>.elementor-widget-spacer{width:var(--container-widget-width,var(--spacer-size));--align-self:var(--container-widget-align-self,initial);--flex-shrink:0}.e-con-inner>.elementor-widget-spacer>.elementor-widget-container,.e-con>.elementor-widget-spacer>.elementor-widget-container{height:100%;width:100%}.e-con-inner>.elementor-widget-spacer>.elementor-widget-container>.elementor-spacer,.e-con>.elementor-widget-spacer>.elementor-widget-container>.elementor-spacer{height:100%}.e-con-inner>.elementor-widget-spacer>.elementor-widget-container>.elementor-spacer>.elementor-spacer-inner,.e-con>.elementor-widget-spacer>.elementor-widget-container>.elementor-spacer>.elementor-spacer-inner{height:var(--container-widget-height,var(--spacer-size))}.e-con-inner>.elementor-widget-spacer.elementor-widget-empty,.e-con>.elementor-widget-spacer.elementor-widget-empty{position:relative;min-height:22px;min-width:22px}.e-con-inner>.elementor-widget-spacer.elementor-widget-empty .elementor-widget-empty-icon,.e-con>.elementor-widget-spacer.elementor-widget-empty .elementor-widget-empty-icon{position:absolute;top:0;bottom:0;left:0;right:0;margin:auto;padding:0;width:22px;height:22px}<\/style>\n<style>\/*! elementor - v3.23.0 - 25-07-2024 *\/\n.elementor-heading-title{padding:0;margin:0;line-height:1}.elementor-widget-heading .elementor-heading-title[class*=elementor-size-]>a{color:inherit;font-size:inherit;line-height:inherit}.elementor-widget-heading .elementor-heading-title.elementor-size-small{font-size:15px}.elementor-widget-heading .elementor-heading-title.elementor-size-medium{font-size:19px}.elementor-widget-heading .elementor-heading-title.elementor-size-large{font-size:29px}.elementor-widget-heading .elementor-heading-title.elementor-size-xl{font-size:39px}.elementor-widget-heading .elementor-heading-title.elementor-size-xxl{font-size:59px}<\/style>\n<h2>Online Shop<\/h2>\n<h3>Categories<\/h3>\n<ul>\n<li>\n<h3><a href=\"https:\/\/montedaaferrada.pt\/en\/product-category\/vinho\/\" title=\"Wine\">Wine<\/a><\/h3>\n<p><a href=\"https:\/\/montedaaferrada.pt\/en\/product-category\/vinho\/vinho-tinto\/\" title=\"Red wine\">Red wine<\/a><\/p>\n<p><a href=\"https:\/\/montedaaferrada.pt\/en\/product-category\/vinho\/vinho-branco-vinho\/\" title=\"White wine\">White wine<\/a><\/p>\n<p><a href=\"https:\/\/montedaaferrada.pt\/en\/product-category\/vinho\/vinho-rose\/\" title=\"Ros\u00e9 wine\">Ros\u00e9 wine<\/a><\/p>\n<p>                                    <a href=\"https:\/\/montedaaferrada.pt\/en\/product-category\/vinho\/\"\n                                       title=\"Wine\"><br \/>\n                                    <\/a>\n                                    <\/li>\n<\/ul>\n<p>\t\t<a href=\"https:\/\/montedaaferrada.pt\/en\/produtos\/enough-rose-sputum\/\" rel=\"bookmark\"><img fetchpriority=\"high\" decoding=\"async\" width=\"330\" height=\"430\" src=\"https:\/\/montedaaferrada.pt\/wp-content\/uploads\/2024\/08\/basta-espumante-spakrling-rose-wine-with-spirit-900x900--330x430.jpg\" alt=\"Just sparkling raw ros\u00e9\" \/><\/a><\/p>\n<h5><a href=\"https:\/\/montedaaferrada.pt\/en\/produtos\/enough-rose-sputum\/\" rel=\"bookmark\">Enough! sparkling ros\u00e9<\/a><\/h5>\n<p>12.48\u20ac<br \/>\n\t\t<a href=\"https:\/\/montedaaferrada.pt\/en\/produtos\/bastard-black-edition-white\/\" rel=\"bookmark\"><img decoding=\"async\" width=\"330\" height=\"430\" src=\"https:\/\/montedaaferrada.pt\/wp-content\/uploads\/2024\/08\/bastardo-black-edition-vinho-branco-wine-with-spirit-900x900-1-330x430.jpg\" alt=\"Bastardo Black Edition red wine old vines\" \/><\/a><br \/>\n\tComing soon<\/p>\n<h5><a href=\"https:\/\/montedaaferrada.pt\/en\/produtos\/bastard-black-edition-white\/\" rel=\"bookmark\">Bastard! Black Edition white<\/a><\/h5>\n<p>12.50\u20ac<br \/>\n\t\t<a href=\"https:\/\/montedaaferrada.pt\/en\/produtos\/bastardo-black-edition-tinto\/\" rel=\"bookmark\"><img decoding=\"async\" width=\"330\" height=\"430\" src=\"https:\/\/montedaaferrada.pt\/wp-content\/uploads\/2024\/08\/Bastardo-black-edition-900x900-1-330x430.jpg\" alt=\"Bastardo Black Edtion red old vines\" \/><\/a><\/p>\n<h5><a href=\"https:\/\/montedaaferrada.pt\/en\/produtos\/bastardo-black-edition-tinto\/\" rel=\"bookmark\">Bastard! Black Edition red<\/a><\/h5>\n<p>15.99\u20ac<br \/>\n\t\t<a href=\"https:\/\/montedaaferrada.pt\/en\/produtos\/bastard-premium-edition-wine-red\/\" rel=\"bookmark\"><img loading=\"lazy\" decoding=\"async\" width=\"330\" height=\"430\" src=\"https:\/\/montedaaferrada.pt\/wp-content\/uploads\/2024\/08\/bastardo-vinho-tinto-premium-edition-reserva-wine-with-spirit.pg_-330x430.jpg\" alt=\"Bastardo premium edition red wine vinhas velhas reserva\" \/><\/a><\/p>\n<h5><a href=\"https:\/\/montedaaferrada.pt\/en\/produtos\/bastard-premium-edition-wine-red\/\" rel=\"bookmark\">Bastard\u00f4! Premium Edition red wine<\/a><\/h5>\n<p>48.30\u20ac<br \/>\n\t\t<a href=\"https:\/\/montedaaferrada.pt\/en\/produtos\/monte-da-aferrada-reserva-tinto\/\" rel=\"bookmark\"><img loading=\"lazy\" decoding=\"async\" width=\"330\" height=\"430\" src=\"https:\/\/montedaaferrada.pt\/wp-content\/uploads\/2024\/05\/vinho_2-330x430.jpg\" alt=\"\" \/><\/a><br \/>\n\tComing soon<\/p>\n<h5><a href=\"https:\/\/montedaaferrada.pt\/en\/produtos\/monte-da-aferrada-reserva-tinto\/\" rel=\"bookmark\">Monte da Aferrada Reserva red<\/a><\/h5>\n<p>\t\t<a href=\"https:\/\/montedaaferrada.pt\/en\/produtos\/mount-of-the-ferrada-white-reserve\/\" rel=\"bookmark\"><img loading=\"lazy\" decoding=\"async\" width=\"330\" height=\"430\" src=\"https:\/\/montedaaferrada.pt\/wp-content\/uploads\/2024\/05\/vinho__s-330x430.jpg\" alt=\"\" \/><\/a><br \/>\n\tComing soon<\/p>\n<h5><a href=\"https:\/\/montedaaferrada.pt\/en\/produtos\/mount-of-the-ferrada-white-reserve\/\" rel=\"bookmark\">Monte da Aferrada Reserva white<\/a><\/h5>\n<p>\t\t<a href=\"https:\/\/montedaaferrada.pt\/en\/produtos\/mountain-rose-wine\/\" rel=\"bookmark\"><img loading=\"lazy\" decoding=\"async\" width=\"330\" height=\"430\" src=\"https:\/\/montedaaferrada.pt\/wp-content\/uploads\/2024\/05\/rose-330x430.jpg\" alt=\"\" \/><\/a><br \/>\n\tComing soon<\/p>\n<h5><a href=\"https:\/\/montedaaferrada.pt\/en\/produtos\/mountain-rose-wine\/\" rel=\"bookmark\">Monte da Aferrada ros\u00e9 wine<\/a><\/h5>\n<p>8.99\u20ac<br \/>\n\t\t<a href=\"https:\/\/montedaaferrada.pt\/en\/produtos\/monte-da-aferrada-wine-red\/\" rel=\"bookmark\"><img loading=\"lazy\" decoding=\"async\" width=\"330\" height=\"430\" src=\"https:\/\/montedaaferrada.pt\/wp-content\/uploads\/2022\/11\/2-1-330x430.jpg\" alt=\"\" \/><\/a><\/p>\n<h5><a href=\"https:\/\/montedaaferrada.pt\/en\/produtos\/monte-da-aferrada-wine-red\/\" rel=\"bookmark\">Monte da Aferrada red wine<\/a><\/h5>\n<p>8.99\u20ac<br \/>\n\t\t<a href=\"https:\/\/montedaaferrada.pt\/en\/produtos\/monte-da-aferrada-white-wine\/\" rel=\"bookmark\"><img loading=\"lazy\" decoding=\"async\" width=\"330\" height=\"430\" src=\"https:\/\/montedaaferrada.pt\/wp-content\/uploads\/2022\/11\/1-1-330x430.jpg\" alt=\"\" \/><\/a><\/p>\n<h5><a href=\"https:\/\/montedaaferrada.pt\/en\/produtos\/monte-da-aferrada-white-wine\/\" rel=\"bookmark\">Monte da Aferrada white wine<\/a><\/h5>\n<p>8.99\u20ac<\/p>","protected":false},"excerpt":{"rendered":"<p>Online Shop Categories Wine Red wine White wine Ros\u00e9 wine Basta! sparkling ros\u00e9 raw 12.48\u20ac Soon Bastard\u00f4! Black Edition white 12.50\u20ac Bastard\u00f4! Black Edition red 15.99\u20ac Bastard\u00f4! Premium Edition red...<\/p>","protected":false},"author":1,"featured_media":0,"parent":0,"menu_order":0,"comment_status":"closed","ping_status":"closed","template":"","meta":{"_acf_changed":false,"footnotes":""},"class_list":["post-9259","page","type-page","status-publish","hentry"],"acf":[],"yoast_head":"<!-- This site is optimized with the Yoast SEO Premium plugin v21.9 (Yoast SEO v23.3) - https:\/\/yoast.com\/wordpress\/plugins\/seo\/ -->\n<title>Loja - Monte da Aferrada - Monte da Aferrada<\/title>\n<meta name=\"robots\" content=\"index, follow, max-snippet:-1, max-image-preview:large, max-video-preview:-1\" \/>\n<link rel=\"canonical\" href=\"https:\/\/montedaaferrada.pt\/en\/shop-mountain\/\" \/>\n<meta property=\"og:locale\" content=\"en_GB\" \/>\n<meta property=\"og:type\" content=\"article\" \/>\n<meta property=\"og:title\" content=\"Loja - Monte da Aferrada\" \/>\n<meta property=\"og:description\" content=\"Loja Online Categorias Vinho Vinho tinto Vinho branco Vinho ros\u00e9 Basta! espumante ros\u00e9 bruto 12.48&euro; Brevemente Bastard\u00f4! Black Edition branco 12.50&euro; Bastard\u00f4! Black Edition tinto 15.99&euro; Bastard\u00f4! Premium Edition vinho...\" \/>\n<meta property=\"og:url\" content=\"https:\/\/montedaaferrada.pt\/en\/shop-mountain\/\" \/>\n<meta property=\"og:site_name\" content=\"Monte da Aferrada\" \/>\n<meta property=\"article:publisher\" content=\"https:\/\/www.facebook.com\/MonteDaAferrada\" \/>\n<meta property=\"article:modified_time\" content=\"2025-12-15T19:03:35+00:00\" \/>\n<meta property=\"og:image\" content=\"https:\/\/montedaaferrada.pt\/wp-content\/uploads\/2024\/08\/basta-espumante-spakrling-rose-wine-with-spirit-900x900--330x430.jpg\" \/>\n<meta name=\"twitter:card\" content=\"summary_large_image\" \/>\n<meta name=\"twitter:label1\" content=\"Estimated reading time\" \/>\n\t<meta name=\"twitter:data1\" content=\"3 minutes\" \/>\n<script type=\"application\/ld+json\" class=\"yoast-schema-graph\">{\"@context\":\"https:\/\/schema.org\",\"@graph\":[{\"@type\":\"WebPage\",\"@id\":\"https:\/\/montedaaferrada.pt\/loja-monte-da-aferrada\/\",\"url\":\"https:\/\/montedaaferrada.pt\/loja-monte-da-aferrada\/\",\"name\":\"Loja - Monte da Aferrada - Monte da Aferrada\",\"isPartOf\":{\"@id\":\"https:\/\/montedaaferrada.pt\/#website\"},\"primaryImageOfPage\":{\"@id\":\"https:\/\/montedaaferrada.pt\/loja-monte-da-aferrada\/#primaryimage\"},\"image\":{\"@id\":\"https:\/\/montedaaferrada.pt\/loja-monte-da-aferrada\/#primaryimage\"},\"thumbnailUrl\":\"https:\/\/montedaaferrada.pt\/wp-content\/uploads\/2024\/08\/basta-espumante-spakrling-rose-wine-with-spirit-900x900--330x430.jpg\",\"datePublished\":\"2024-05-07T10:43:29+00:00\",\"dateModified\":\"2025-12-15T19:03:35+00:00\",\"breadcrumb\":{\"@id\":\"https:\/\/montedaaferrada.pt\/loja-monte-da-aferrada\/#breadcrumb\"},\"inLanguage\":\"en-GB\",\"potentialAction\":[{\"@type\":\"ReadAction\",\"target\":[\"https:\/\/montedaaferrada.pt\/loja-monte-da-aferrada\/\"]}]},{\"@type\":\"ImageObject\",\"inLanguage\":\"en-GB\",\"@id\":\"https:\/\/montedaaferrada.pt\/loja-monte-da-aferrada\/#primaryimage\",\"url\":\"https:\/\/montedaaferrada.pt\/wp-content\/uploads\/2024\/08\/basta-espumante-spakrling-rose-wine-with-spirit-900x900--330x430.jpg\",\"contentUrl\":\"https:\/\/montedaaferrada.pt\/wp-content\/uploads\/2024\/08\/basta-espumante-spakrling-rose-wine-with-spirit-900x900--330x430.jpg\"},{\"@type\":\"BreadcrumbList\",\"@id\":\"https:\/\/montedaaferrada.pt\/loja-monte-da-aferrada\/#breadcrumb\",\"itemListElement\":[{\"@type\":\"ListItem\",\"position\":1,\"name\":\"Home\",\"item\":\"https:\/\/montedaaferrada.pt\/\"},{\"@type\":\"ListItem\",\"position\":2,\"name\":\"Loja &#8211; Monte da Aferrada\"}]},{\"@type\":\"WebSite\",\"@id\":\"https:\/\/montedaaferrada.pt\/#website\",\"url\":\"https:\/\/montedaaferrada.pt\/\",\"name\":\"Monte Da Aferrada\",\"description\":\"Por amor \u00e0 fam\u00edlia, ao Alentejo e ao campo\",\"publisher\":{\"@id\":\"https:\/\/montedaaferrada.pt\/#organization\"},\"potentialAction\":[{\"@type\":\"SearchAction\",\"target\":{\"@type\":\"EntryPoint\",\"urlTemplate\":\"https:\/\/montedaaferrada.pt\/?s={search_term_string}\"},\"query-input\":\"required name=search_term_string\"}],\"inLanguage\":\"en-GB\"},{\"@type\":\"Organization\",\"@id\":\"https:\/\/montedaaferrada.pt\/#organization\",\"name\":\"Monte Da Aferrada\",\"url\":\"https:\/\/montedaaferrada.pt\/\",\"logo\":{\"@type\":\"ImageObject\",\"inLanguage\":\"en-GB\",\"@id\":\"https:\/\/montedaaferrada.pt\/#\/schema\/logo\/image\/\",\"url\":\"https:\/\/montedaaferrada.pt\/wp-content\/uploads\/2023\/06\/cottageee.jpg\",\"contentUrl\":\"https:\/\/montedaaferrada.pt\/wp-content\/uploads\/2023\/06\/cottageee.jpg\",\"width\":636,\"height\":357,\"caption\":\"Monte Da Aferrada\"},\"image\":{\"@id\":\"https:\/\/montedaaferrada.pt\/#\/schema\/logo\/image\/\"},\"sameAs\":[\"https:\/\/www.facebook.com\/MonteDaAferrada\"]}]}<\/script>\n<!-- \/ Yoast SEO Premium plugin. -->","yoast_head_json":{"title":"Loja - Monte da Aferrada - Monte da Aferrada","robots":{"index":"index","follow":"follow","max-snippet":"max-snippet:-1","max-image-preview":"max-image-preview:large","max-video-preview":"max-video-preview:-1"},"canonical":"https:\/\/montedaaferrada.pt\/en\/shop-mountain\/","og_locale":"en_GB","og_type":"article","og_title":"Loja - Monte da Aferrada","og_description":"Loja Online Categorias Vinho Vinho tinto Vinho branco Vinho ros\u00e9 Basta! espumante ros\u00e9 bruto 12.48&euro; Brevemente Bastard\u00f4! Black Edition branco 12.50&euro; Bastard\u00f4! Black Edition tinto 15.99&euro; Bastard\u00f4! Premium Edition vinho...","og_url":"https:\/\/montedaaferrada.pt\/en\/shop-mountain\/","og_site_name":"Monte da Aferrada","article_publisher":"https:\/\/www.facebook.com\/MonteDaAferrada","article_modified_time":"2025-12-15T19:03:35+00:00","og_image":[{"url":"https:\/\/montedaaferrada.pt\/wp-content\/uploads\/2024\/08\/basta-espumante-spakrling-rose-wine-with-spirit-900x900--330x430.jpg"}],"twitter_card":"summary_large_image","twitter_misc":{"Estimated reading time":"3 minutes"},"schema":{"@context":"https:\/\/schema.org","@graph":[{"@type":"WebPage","@id":"https:\/\/montedaaferrada.pt\/loja-monte-da-aferrada\/","url":"https:\/\/montedaaferrada.pt\/loja-monte-da-aferrada\/","name":"Loja - Monte da Aferrada - Monte da Aferrada","isPartOf":{"@id":"https:\/\/montedaaferrada.pt\/#website"},"primaryImageOfPage":{"@id":"https:\/\/montedaaferrada.pt\/loja-monte-da-aferrada\/#primaryimage"},"image":{"@id":"https:\/\/montedaaferrada.pt\/loja-monte-da-aferrada\/#primaryimage"},"thumbnailUrl":"https:\/\/montedaaferrada.pt\/wp-content\/uploads\/2024\/08\/basta-espumante-spakrling-rose-wine-with-spirit-900x900--330x430.jpg","datePublished":"2024-05-07T10:43:29+00:00","dateModified":"2025-12-15T19:03:35+00:00","breadcrumb":{"@id":"https:\/\/montedaaferrada.pt\/loja-monte-da-aferrada\/#breadcrumb"},"inLanguage":"en-GB","potentialAction":[{"@type":"ReadAction","target":["https:\/\/montedaaferrada.pt\/loja-monte-da-aferrada\/"]}]},{"@type":"ImageObject","inLanguage":"en-GB","@id":"https:\/\/montedaaferrada.pt\/loja-monte-da-aferrada\/#primaryimage","url":"https:\/\/montedaaferrada.pt\/wp-content\/uploads\/2024\/08\/basta-espumante-spakrling-rose-wine-with-spirit-900x900--330x430.jpg","contentUrl":"https:\/\/montedaaferrada.pt\/wp-content\/uploads\/2024\/08\/basta-espumante-spakrling-rose-wine-with-spirit-900x900--330x430.jpg"},{"@type":"BreadcrumbList","@id":"https:\/\/montedaaferrada.pt\/loja-monte-da-aferrada\/#breadcrumb","itemListElement":[{"@type":"ListItem","position":1,"name":"Home","item":"https:\/\/montedaaferrada.pt\/"},{"@type":"ListItem","position":2,"name":"Loja &#8211; Monte da Aferrada"}]},{"@type":"WebSite","@id":"https:\/\/montedaaferrada.pt\/#website","url":"https:\/\/montedaaferrada.pt\/","name":"Monte Da Aferrada","description":"Por amor \u00e0 fam\u00edlia, ao Alentejo e ao campo","publisher":{"@id":"https:\/\/montedaaferrada.pt\/#organization"},"potentialAction":[{"@type":"SearchAction","target":{"@type":"EntryPoint","urlTemplate":"https:\/\/montedaaferrada.pt\/?s={search_term_string}"},"query-input":"required name=search_term_string"}],"inLanguage":"en-GB"},{"@type":"Organization","@id":"https:\/\/montedaaferrada.pt\/#organization","name":"Monte Da Aferrada","url":"https:\/\/montedaaferrada.pt\/","logo":{"@type":"ImageObject","inLanguage":"en-GB","@id":"https:\/\/montedaaferrada.pt\/#\/schema\/logo\/image\/","url":"https:\/\/montedaaferrada.pt\/wp-content\/uploads\/2023\/06\/cottageee.jpg","contentUrl":"https:\/\/montedaaferrada.pt\/wp-content\/uploads\/2023\/06\/cottageee.jpg","width":636,"height":357,"caption":"Monte Da Aferrada"},"image":{"@id":"https:\/\/montedaaferrada.pt\/#\/schema\/logo\/image\/"},"sameAs":["https:\/\/www.facebook.com\/MonteDaAferrada"]}]}},"_links":{"self":[{"href":"https:\/\/montedaaferrada.pt\/en\/wp-json\/wp\/v2\/pages\/9259","targetHints":{"allow":["GET"]}}],"collection":[{"href":"https:\/\/montedaaferrada.pt\/en\/wp-json\/wp\/v2\/pages"}],"about":[{"href":"https:\/\/montedaaferrada.pt\/en\/wp-json\/wp\/v2\/types\/page"}],"author":[{"embeddable":true,"href":"https:\/\/montedaaferrada.pt\/en\/wp-json\/wp\/v2\/users\/1"}],"replies":[{"embeddable":true,"href":"https:\/\/montedaaferrada.pt\/en\/wp-json\/wp\/v2\/comments?post=9259"}],"version-history":[{"count":33,"href":"https:\/\/montedaaferrada.pt\/en\/wp-json\/wp\/v2\/pages\/9259\/revisions"}],"predecessor-version":[{"id":10665,"href":"https:\/\/montedaaferrada.pt\/en\/wp-json\/wp\/v2\/pages\/9259\/revisions\/10665"}],"wp:attachment":[{"href":"https:\/\/montedaaferrada.pt\/en\/wp-json\/wp\/v2\/media?parent=9259"}],"curies":[{"name":"wp","href":"https:\/\/api.w.org\/{rel}","templated":true}]}}