{"id":7284,"date":"2023-07-06T16:03:54","date_gmt":"2023-07-06T16:03:54","guid":{"rendered":"https:\/\/montedaaferrada.slz.pt\/?page_id=7284"},"modified":"2024-08-01T10:22:20","modified_gmt":"2024-08-01T10:22:20","slug":"politica-de-privacidade","status":"publish","type":"page","link":"https:\/\/montedaaferrada.pt\/en\/privacy-policy-2\/","title":{"rendered":"Privacy Policy"},"content":{"rendered":"<div data-elementor-type=\"wp-page\" data-elementor-id=\"7284\" class=\"elementor elementor-7284\" data-elementor-post-type=\"page\">\n\t\t\t\t\t\t<section data-dce-background-color=\"#000000\" data-dce-background-overlay-color=\"#000000\" data-dce-background-image-url=\"https:\/\/montedaaferrada.slz.pt\/wp-content\/uploads\/2023\/03\/bg.jpg\" class=\"elementor-section elementor-top-section elementor-element elementor-element-c3ca6f3 elementor-section-height-min-height elementor-section-boxed elementor-section-height-default elementor-section-items-middle\" data-id=\"c3ca6f3\" data-element_type=\"section\" data-settings=\"{&quot;background_background&quot;:&quot;classic&quot;,&quot;_ha_eqh_enable&quot;:false}\">\n\t\t\t\t\t\t\t<div class=\"elementor-background-overlay\"><\/div>\n\t\t\t\t\t\t\t<div class=\"elementor-container elementor-column-gap-default\">\n\t\t\t\t\t<div data-dce-background-color=\"#6F7F7200\" data-dce-background-overlay-color=\"#000000\" class=\"elementor-column elementor-col-100 elementor-top-column elementor-element elementor-element-bd59fe2\" data-id=\"bd59fe2\" data-element_type=\"column\" data-settings=\"{&quot;background_background&quot;:&quot;gradient&quot;}\">\n\t\t\t<div class=\"elementor-widget-wrap elementor-element-populated\">\n\t\t\t\t\t<div class=\"elementor-background-overlay\"><\/div>\n\t\t\t\t\t\t<div class=\"elementor-element elementor-element-d1e9bf5 elementor-widget elementor-widget-spacer\" data-id=\"d1e9bf5\" data-element_type=\"widget\" data-widget_type=\"spacer.default\">\n\t\t\t\t<div class=\"elementor-widget-container\">\n\t\t\t<style>\/*! elementor - v3.23.0 - 25-07-2024 *\/\n.elementor-column .elementor-spacer-inner{height:var(--spacer-size)}.e-con{--container-widget-width:100%}.e-con-inner>.elementor-widget-spacer,.e-con>.elementor-widget-spacer{width:var(--container-widget-width,var(--spacer-size));--align-self:var(--container-widget-align-self,initial);--flex-shrink:0}.e-con-inner>.elementor-widget-spacer>.elementor-widget-container,.e-con>.elementor-widget-spacer>.elementor-widget-container{height:100%;width:100%}.e-con-inner>.elementor-widget-spacer>.elementor-widget-container>.elementor-spacer,.e-con>.elementor-widget-spacer>.elementor-widget-container>.elementor-spacer{height:100%}.e-con-inner>.elementor-widget-spacer>.elementor-widget-container>.elementor-spacer>.elementor-spacer-inner,.e-con>.elementor-widget-spacer>.elementor-widget-container>.elementor-spacer>.elementor-spacer-inner{height:var(--container-widget-height,var(--spacer-size))}.e-con-inner>.elementor-widget-spacer.elementor-widget-empty,.e-con>.elementor-widget-spacer.elementor-widget-empty{position:relative;min-height:22px;min-width:22px}.e-con-inner>.elementor-widget-spacer.elementor-widget-empty .elementor-widget-empty-icon,.e-con>.elementor-widget-spacer.elementor-widget-empty .elementor-widget-empty-icon{position:absolute;top:0;bottom:0;left:0;right:0;margin:auto;padding:0;width:22px;height:22px}<\/style>\t\t<div class=\"elementor-spacer\">\n\t\t\t<div class=\"elementor-spacer-inner\"><\/div>\n\t\t<\/div>\n\t\t\t\t<\/div>\n\t\t\t\t<\/div>\n\t\t\t\t<div class=\"elementor-element elementor-element-9f0a19e elementor-widget-widescreen__width-initial elementor-widget elementor-widget-heading\" data-id=\"9f0a19e\" data-element_type=\"widget\" data-widget_type=\"heading.default\">\n\t\t\t\t<div class=\"elementor-widget-container\">\n\t\t\t<style>\/*! elementor - v3.23.0 - 25-07-2024 *\/\n.elementor-heading-title{padding:0;margin:0;line-height:1}.elementor-widget-heading .elementor-heading-title[class*=elementor-size-]>a{color:inherit;font-size:inherit;line-height:inherit}.elementor-widget-heading .elementor-heading-title.elementor-size-small{font-size:15px}.elementor-widget-heading .elementor-heading-title.elementor-size-medium{font-size:19px}.elementor-widget-heading .elementor-heading-title.elementor-size-large{font-size:29px}.elementor-widget-heading .elementor-heading-title.elementor-size-xl{font-size:39px}.elementor-widget-heading .elementor-heading-title.elementor-size-xxl{font-size:59px}<\/style><h2 class=\"elementor-heading-title elementor-size-default\">Privacy Policy <\/h2>\t\t<\/div>\n\t\t\t\t<\/div>\n\t\t\t\t\t<\/div>\n\t\t<\/div>\n\t\t\t\t\t<\/div>\n\t\t<\/section>\n\t\t\t\t<section class=\"elementor-section elementor-top-section elementor-element elementor-element-4366a99 elementor-section-boxed elementor-section-height-default elementor-section-height-default\" data-id=\"4366a99\" data-element_type=\"section\" data-settings=\"{&quot;_ha_eqh_enable&quot;:false}\">\n\t\t\t\t\t\t<div class=\"elementor-container elementor-column-gap-default\">\n\t\t\t\t\t<div class=\"elementor-column elementor-col-100 elementor-top-column elementor-element elementor-element-3db6cc3\" data-id=\"3db6cc3\" data-element_type=\"column\">\n\t\t\t<div class=\"elementor-widget-wrap elementor-element-populated\">\n\t\t\t\t\t\t<div class=\"elementor-element elementor-element-d2dc30d elementor-widget elementor-widget-text-editor\" data-id=\"d2dc30d\" data-element_type=\"widget\" data-widget_type=\"text-editor.default\">\n\t\t\t\t<div class=\"elementor-widget-container\">\n\t\t\t<style>\/*! elementor - v3.23.0 - 25-07-2024 *\/\n.elementor-widget-text-editor.elementor-drop-cap-view-stacked .elementor-drop-cap{background-color:#69727d;color:#fff}.elementor-widget-text-editor.elementor-drop-cap-view-framed .elementor-drop-cap{color:#69727d;border:3px solid;background-color:transparent}.elementor-widget-text-editor:not(.elementor-drop-cap-view-default) .elementor-drop-cap{margin-top:8px}.elementor-widget-text-editor:not(.elementor-drop-cap-view-default) .elementor-drop-cap-letter{width:1em;height:1em}.elementor-widget-text-editor .elementor-drop-cap{float:left;text-align:center;line-height:1;font-size:50px}.elementor-widget-text-editor .elementor-drop-cap-letter{display:inline-block}<\/style>\t\t\t\t<p>Your privacy is important to us. The collection and processing of personal data has been designed to comply with Regulation (EU) 2016\/679 of the European Parliament and of the Council of 27 April 2016 on the protection of natural persons with regard to the processing of personal data and on the free movement of such data, and repealing Directive 95\/46\/EC (General Data Protection Regulation).<\/p><p>This Privacy Policy explains:<\/p><ul><li>What personal information is collected and processed and why;<\/li><li>How we use this information;<\/li><li>The options we offer, including how to access and delete information.<\/li><\/ul><p>Monte da Aferrada may, unilaterally and at any time, alter, modify, add to or rectify this Privacy Policy, without the need for any prior notice, subsequently notifying its users.<\/p><p><strong>1. Data Controller<\/strong><\/p><p>The data controller is [Name of Data Controller]. You can contact the data controller from 9am to 6pm on working days with any questions about data protection, either by email at [Email of Data Controller] or by telephone at [Telephone Number of Data Controller].<\/p><p><strong>2. Legal Basis for the Collection and Processing of Personal Data<\/strong><\/p><p>By accessing and using the Monte da Aferrada website, its content and\/or our services, the user freely and expressly accepts and consents, by means of an unequivocal positive act, to their personal data, requested or optionally provided by them, being collected and processed by Monte da Aferrada under the terms set out herein. Use of the Monte da Aferrada website presupposes that Users are aware of and accept the terms and conditions of this Privacy Policy.<\/p><p><strong>3. Purpose of Personal Data Processing<\/strong><\/p><p>3.1 Purposes essential to the functioning of economic activity:<\/p><ul><li>Invoicing (Name, Address, Tax ID, Email)<\/li><li>Payment and Delivery (Delivery address, Telephone contacts, Email)<\/li><li>Customer Service (First Name, Telephone Contacts, Email, Delivery Address) All these purposes are considered legitimate interests for the proper fulfilment of the contracted service.<\/li><\/ul><p>3.2 Marketing:<\/p><ul><li>Email: Used to communicate promotional actions. For this purpose, your free, informed and informed consent is collected when you register or when editing the authorisations given.<\/li><\/ul><p><strong>4. Duration of Personal Data Retention<\/strong><\/p><p>We keep personal data in accordance with the retention period imposed by the regulations in force. We retain your personal data used for marketing until you cancel the authorisation or ask us to delete it, in accordance with the legislation in force.<\/p><p><strong>5. Transfer of Data to Third Parties<\/strong><\/p><p>Monte da Aferrada does not collect or process any personal data or information obtained through the site for the purpose of enabling it to be exploited in any way by third parties. These are communicated with partner organisations, in particular:<\/p><ul><li>Accounting firm and invoicing software for the processing required by law.<\/li><li>Operators under a service contract or transport companies subcontracted by Monte da Aferrada to fulfil the Delivery Operation.<\/li><\/ul><p>Data can also be handed over to national authorities in the context of monitoring or combating fraud.<\/p><p><strong>6. Existence of Automated Decisions<\/strong><\/p><p>When you use the Monte da Aferrada website, information related to your visit is automatically collected (including IP address, pageviews and interactions).<\/p><p><strong>7. Security of the Processing of Your Personal Data<\/strong><\/p><p>Despite our best endeavours, we would like to warn you that the Internet may not be a safe place for communication. Information transmitted via the Internet may be intercepted by third parties. Therefore, we cannot guarantee the security and authenticity of information sent to us via the Internet. By using this website and entering information, you expressly accept that you are doing so in accordance with your express wishes and assuming the corresponding risk.<\/p><p><strong>8. Right of Access, Rectification, Cancellation and Objection (ARCO) of Personal Data<\/strong><\/p><p>Under the terms of the General Data Protection Regulation, the data subject has the right to request access to personal data concerning them from the data controller, as well as their rectification or erasure. The data subject also has the right to demand, in certain circumstances, the restriction of the processing of personal data, as well as the right to object to processing and the right to data portability.<\/p><p>The data subject also has the right to withdraw their consent to the processing of their data at any time, without jeopardising the lawfulness of the processing carried out on the basis of the consent previously given. You can exercise these rights of access, rectification, erasure, restriction of processing, objection to processing, portability or withdrawal of consent by writing to Monte da Aferrada at the following address: [Monte da Aferrada address].<\/p><p><strong>9. Right to lodge a complaint with a supervisory authority under the GDPR<\/strong><\/p><p>The data subject has the right to lodge a complaint with the competent supervisory authority, in this case the National Data Protection Commission.<\/p><p><strong>10. Data Protection Department (DPO)<\/strong><\/p><p>Monte da Aferrada has a Data Protection Office (DPO), in accordance with current legislation. You can contact the DPO at any time with any questions about personal data protection by writing to the following address: [Monte da Aferrada address].<\/p><p><strong>Cookies<\/strong><\/p><p><strong>What they are<\/strong>\u00a0Small text files sent to your computer or mobile device when you visit websites. Cookies help websites store and retrieve information about your browsing habits in order to personalise browsing according to your preferences.<\/p><p><strong>What it's for:<\/strong>\u00a0To help determine the usefulness, interest and number of uses of your websites, enabling faster and more efficient browsing by eliminating the need to repeatedly enter the same information.<\/p><p><strong>Regulations:<\/strong>\u00a0Companies in Europe must obtain explicit consent for the use of cookies and provide clear opt-outs to users. It is now forbidden to make access to a website conditional on accepting the use of tracking cookies.<\/p><p><strong>Types of Cookies<\/strong><\/p><p><strong>Session cookies:<\/strong>\u00a0These are temporary cookies that remain in the browser's cookie file until the browser leaves the web page, so there is no record of them on the user's hard drive. The information collected by these cookies is used to analyse website traffic patterns, which allows us to improve the content and usability of the website.<\/p><p><strong>Analysis cookies:<\/strong>\u00a0These are the data which, if properly processed by the owners of the website, make it possible to quantify the number of users and carry out the measurement and statistical analysis of how users use the website. They analyse your browsing, with the aim of improving the supply of products and services that we make available.<\/p><p><strong>Advertising cookies:<\/strong>\u00a0They are those which, if properly handled by us or by third parties, allow us to manage the offer of advertising space on the site more efficiently, being able to analyse your browsing habits and show you advertising related to your browsing profile.<\/p><p><strong>Own cookies:<\/strong>\u00a0Used for in-store booking to keep the shop selected by the user.<\/p><p><strong>Session cookies:<\/strong><\/p><ul><li>They associate what you choose with your shopping basket;<\/li><li>They store category information to show pages more quickly;<\/li><li>They indicate whether you are currently logged in;<\/li><li>They indicate the session IDs on the server;<\/li><li>They save the last products viewed;<\/li><li>They store information about research;<\/li><li>They indicate whether the user authorises the use of cookies.<\/li><\/ul><p><strong>Third-party cookies:<\/strong><\/p><ul><li>Used to distinguish users and sessions;<\/li><li>Used to determine new visits, sessions;<\/li><li>They store the traffic source to explain how the user arrives at our site;<\/li><li>Used to identify users and prevent fraudulent use of user data and protect user data from third parties;<\/li><li>Used to personalise advertising on Publisher networks;<\/li><li>Used to allow the site to remember browsing preferences, language, region, etc.<\/li><\/ul><p><strong>Other cookies:<\/strong><\/p><ul><li>Web and video analytics<\/li><li>Used to determine which server shows the information to the user;<\/li><li>Used to track active sessions;<\/li><li>Used to determine whether cookies are active;<\/li><li>Used to measure user response time;<\/li><li>Used to identify how many times a user has visited us, what products they have bought and at what price;<\/li><li>They let you know if it's your first visit to the site or not.<\/li><\/ul><div class=\"yj6qo\">\u00a0<\/div><div class=\"adL\">\u00a0<\/div>\t\t\t\t\t\t<\/div>\n\t\t\t\t<\/div>\n\t\t\t\t\t<\/div>\n\t\t<\/div>\n\t\t\t\t\t<\/div>\n\t\t<\/section>\n\t\t\t\t<\/div>","protected":false},"excerpt":{"rendered":"<p>Privacy Policy Your privacy is important to us. The collection and processing of personal data is designed to comply with Regulation (EU) 2016\/679 of the European Parliament...<\/p>","protected":false},"author":1,"featured_media":0,"parent":0,"menu_order":0,"comment_status":"closed","ping_status":"closed","template":"elementor_header_footer","meta":{"_acf_changed":false,"footnotes":""},"class_list":["post-7284","page","type-page","status-publish","hentry"],"acf":[],"yoast_head":"<!-- This site is optimized with the Yoast SEO Premium plugin v21.9 (Yoast SEO v23.3) - https:\/\/yoast.com\/wordpress\/plugins\/seo\/ -->\n<title>Pol\u00edtica de Privacidade - Monte da Aferrada<\/title>\n<meta name=\"robots\" content=\"index, follow, max-snippet:-1, max-image-preview:large, max-video-preview:-1\" \/>\n<link rel=\"canonical\" href=\"https:\/\/montedaaferrada.pt\/en\/privacy-policy-2\/\" \/>\n<meta property=\"og:locale\" content=\"en_GB\" \/>\n<meta property=\"og:type\" content=\"article\" \/>\n<meta property=\"og:title\" content=\"Pol\u00edtica de Privacidade\" \/>\n<meta property=\"og:description\" content=\"Pol\u00edtica de Privacidade A sua privacidade \u00e9 relevante para n\u00f3s. A recolha e tratamento de dados pessoais foram delineados para estar em conformidade com o Regulamento (UE) 2016\/679 do Parlamento...\" \/>\n<meta property=\"og:url\" content=\"https:\/\/montedaaferrada.pt\/en\/privacy-policy-2\/\" \/>\n<meta property=\"og:site_name\" content=\"Monte da Aferrada\" \/>\n<meta property=\"article:publisher\" content=\"https:\/\/www.facebook.com\/MonteDaAferrada\" \/>\n<meta property=\"article:modified_time\" content=\"2024-08-01T10:22:20+00:00\" \/>\n<meta name=\"twitter:card\" content=\"summary_large_image\" \/>\n<meta name=\"twitter:label1\" content=\"Estimated reading time\" \/>\n\t<meta name=\"twitter:data1\" content=\"8 minutes\" \/>\n<script type=\"application\/ld+json\" class=\"yoast-schema-graph\">{\"@context\":\"https:\/\/schema.org\",\"@graph\":[{\"@type\":\"WebPage\",\"@id\":\"https:\/\/montedaaferrada.pt\/politica-de-privacidade\/\",\"url\":\"https:\/\/montedaaferrada.pt\/politica-de-privacidade\/\",\"name\":\"Pol\u00edtica de Privacidade - Monte da Aferrada\",\"isPartOf\":{\"@id\":\"https:\/\/montedaaferrada.pt\/#website\"},\"datePublished\":\"2023-07-06T16:03:54+00:00\",\"dateModified\":\"2024-08-01T10:22:20+00:00\",\"breadcrumb\":{\"@id\":\"https:\/\/montedaaferrada.pt\/politica-de-privacidade\/#breadcrumb\"},\"inLanguage\":\"en-GB\",\"potentialAction\":[{\"@type\":\"ReadAction\",\"target\":[\"https:\/\/montedaaferrada.pt\/politica-de-privacidade\/\"]}]},{\"@type\":\"BreadcrumbList\",\"@id\":\"https:\/\/montedaaferrada.pt\/politica-de-privacidade\/#breadcrumb\",\"itemListElement\":[{\"@type\":\"ListItem\",\"position\":1,\"name\":\"Home\",\"item\":\"https:\/\/montedaaferrada.pt\/\"},{\"@type\":\"ListItem\",\"position\":2,\"name\":\"Pol\u00edtica de Privacidade\"}]},{\"@type\":\"WebSite\",\"@id\":\"https:\/\/montedaaferrada.pt\/#website\",\"url\":\"https:\/\/montedaaferrada.pt\/\",\"name\":\"Monte Da Aferrada\",\"description\":\"Por amor \u00e0 fam\u00edlia, ao Alentejo e ao campo\",\"publisher\":{\"@id\":\"https:\/\/montedaaferrada.pt\/#organization\"},\"potentialAction\":[{\"@type\":\"SearchAction\",\"target\":{\"@type\":\"EntryPoint\",\"urlTemplate\":\"https:\/\/montedaaferrada.pt\/?s={search_term_string}\"},\"query-input\":\"required name=search_term_string\"}],\"inLanguage\":\"en-GB\"},{\"@type\":\"Organization\",\"@id\":\"https:\/\/montedaaferrada.pt\/#organization\",\"name\":\"Monte Da Aferrada\",\"url\":\"https:\/\/montedaaferrada.pt\/\",\"logo\":{\"@type\":\"ImageObject\",\"inLanguage\":\"en-GB\",\"@id\":\"https:\/\/montedaaferrada.pt\/#\/schema\/logo\/image\/\",\"url\":\"https:\/\/montedaaferrada.pt\/wp-content\/uploads\/2023\/06\/cottageee.jpg\",\"contentUrl\":\"https:\/\/montedaaferrada.pt\/wp-content\/uploads\/2023\/06\/cottageee.jpg\",\"width\":636,\"height\":357,\"caption\":\"Monte Da Aferrada\"},\"image\":{\"@id\":\"https:\/\/montedaaferrada.pt\/#\/schema\/logo\/image\/\"},\"sameAs\":[\"https:\/\/www.facebook.com\/MonteDaAferrada\"]}]}<\/script>\n<!-- \/ Yoast SEO Premium plugin. -->","yoast_head_json":{"title":"Pol\u00edtica de Privacidade - Monte da Aferrada","robots":{"index":"index","follow":"follow","max-snippet":"max-snippet:-1","max-image-preview":"max-image-preview:large","max-video-preview":"max-video-preview:-1"},"canonical":"https:\/\/montedaaferrada.pt\/en\/privacy-policy-2\/","og_locale":"en_GB","og_type":"article","og_title":"Pol\u00edtica de Privacidade","og_description":"Pol\u00edtica de Privacidade A sua privacidade \u00e9 relevante para n\u00f3s. A recolha e tratamento de dados pessoais foram delineados para estar em conformidade com o Regulamento (UE) 2016\/679 do Parlamento...","og_url":"https:\/\/montedaaferrada.pt\/en\/privacy-policy-2\/","og_site_name":"Monte da Aferrada","article_publisher":"https:\/\/www.facebook.com\/MonteDaAferrada","article_modified_time":"2024-08-01T10:22:20+00:00","twitter_card":"summary_large_image","twitter_misc":{"Estimated reading time":"8 minutes"},"schema":{"@context":"https:\/\/schema.org","@graph":[{"@type":"WebPage","@id":"https:\/\/montedaaferrada.pt\/politica-de-privacidade\/","url":"https:\/\/montedaaferrada.pt\/politica-de-privacidade\/","name":"Pol\u00edtica de Privacidade - Monte da Aferrada","isPartOf":{"@id":"https:\/\/montedaaferrada.pt\/#website"},"datePublished":"2023-07-06T16:03:54+00:00","dateModified":"2024-08-01T10:22:20+00:00","breadcrumb":{"@id":"https:\/\/montedaaferrada.pt\/politica-de-privacidade\/#breadcrumb"},"inLanguage":"en-GB","potentialAction":[{"@type":"ReadAction","target":["https:\/\/montedaaferrada.pt\/politica-de-privacidade\/"]}]},{"@type":"BreadcrumbList","@id":"https:\/\/montedaaferrada.pt\/politica-de-privacidade\/#breadcrumb","itemListElement":[{"@type":"ListItem","position":1,"name":"Home","item":"https:\/\/montedaaferrada.pt\/"},{"@type":"ListItem","position":2,"name":"Pol\u00edtica de Privacidade"}]},{"@type":"WebSite","@id":"https:\/\/montedaaferrada.pt\/#website","url":"https:\/\/montedaaferrada.pt\/","name":"Monte Da Aferrada","description":"Por amor \u00e0 fam\u00edlia, ao Alentejo e ao campo","publisher":{"@id":"https:\/\/montedaaferrada.pt\/#organization"},"potentialAction":[{"@type":"SearchAction","target":{"@type":"EntryPoint","urlTemplate":"https:\/\/montedaaferrada.pt\/?s={search_term_string}"},"query-input":"required name=search_term_string"}],"inLanguage":"en-GB"},{"@type":"Organization","@id":"https:\/\/montedaaferrada.pt\/#organization","name":"Monte Da Aferrada","url":"https:\/\/montedaaferrada.pt\/","logo":{"@type":"ImageObject","inLanguage":"en-GB","@id":"https:\/\/montedaaferrada.pt\/#\/schema\/logo\/image\/","url":"https:\/\/montedaaferrada.pt\/wp-content\/uploads\/2023\/06\/cottageee.jpg","contentUrl":"https:\/\/montedaaferrada.pt\/wp-content\/uploads\/2023\/06\/cottageee.jpg","width":636,"height":357,"caption":"Monte Da Aferrada"},"image":{"@id":"https:\/\/montedaaferrada.pt\/#\/schema\/logo\/image\/"},"sameAs":["https:\/\/www.facebook.com\/MonteDaAferrada"]}]}},"_links":{"self":[{"href":"https:\/\/montedaaferrada.pt\/en\/wp-json\/wp\/v2\/pages\/7284","targetHints":{"allow":["GET"]}}],"collection":[{"href":"https:\/\/montedaaferrada.pt\/en\/wp-json\/wp\/v2\/pages"}],"about":[{"href":"https:\/\/montedaaferrada.pt\/en\/wp-json\/wp\/v2\/types\/page"}],"author":[{"embeddable":true,"href":"https:\/\/montedaaferrada.pt\/en\/wp-json\/wp\/v2\/users\/1"}],"replies":[{"embeddable":true,"href":"https:\/\/montedaaferrada.pt\/en\/wp-json\/wp\/v2\/comments?post=7284"}],"version-history":[{"count":17,"href":"https:\/\/montedaaferrada.pt\/en\/wp-json\/wp\/v2\/pages\/7284\/revisions"}],"predecessor-version":[{"id":9989,"href":"https:\/\/montedaaferrada.pt\/en\/wp-json\/wp\/v2\/pages\/7284\/revisions\/9989"}],"wp:attachment":[{"href":"https:\/\/montedaaferrada.pt\/en\/wp-json\/wp\/v2\/media?parent=7284"}],"curies":[{"name":"wp","href":"https:\/\/api.w.org\/{rel}","templated":true}]}}